{"id":13014,"date":"2025-10-15T12:46:53","date_gmt":"2025-10-15T12:46:53","guid":{"rendered":"https:\/\/www.evrenhelvaci.tntmultimedya.com\/?post_type=product&#038;p=13014"},"modified":"2026-01-11T17:41:03","modified_gmt":"2026-01-11T17:41:03","slug":"kalca-estetigi","status":"publish","type":"product","link":"https:\/\/www.evrenhelvaci.tntmultimedya.com\/en\/product\/kalca-estetigi\/","title":{"rendered":"Kal\u00e7a Esteti\u011fi"},"content":{"rendered":"<p class=\"cvGsUA direction-ltr align-justify para-style-body\"><strong><span class=\"a_GcMg font-feature-liga-off font-feature-clig-off font-feature-calt-off text-decoration-underline text-strikethrough-none\">Kal\u00e7a Esteti\u011fi Nedir?<\/span><\/strong><\/p>\n<p class=\"cvGsUA direction-ltr align-justify para-style-body\"><span class=\"a_GcMg font-feature-liga-off font-feature-clig-off font-feature-calt-off text-decoration-none text-strikethrough-none\">Genetik yap\u0131ya, ya\u015flanmaya veya kilo de\u011fi\u015fimlerine ba\u011fl\u0131 olarak baz\u0131 bireylerde d\u00fcz, hacimsiz veya sarkm\u0131\u015f kal\u00e7alar olu\u015fabilir. Kal\u00e7a esteti\u011fi i\u015flemleriyle bu b\u00f6lge daha dolgun ve \u015fekilli hale getirilebilir. Kullan\u0131lan y\u00f6ntemler aras\u0131nda ya\u011f enjeksiyonu (BBL), kal\u00e7a protezi (implant), cilt s\u0131k\u0131la\u015ft\u0131r\u0131c\u0131 cerrahiler ve kombine liposculpture teknikleri yer al\u0131r.<\/span><\/p>\n<p class=\"cvGsUA direction-ltr align-justify para-style-body\"><strong><span class=\"a_GcMg font-feature-liga-off font-feature-clig-off font-feature-calt-off text-decoration-underline text-strikethrough-none\">Uygulama Alanlar\u0131<\/span><\/strong><\/p>\n<ul>\n<li><span class=\"a_GcMg font-feature-liga-off font-feature-clig-off font-feature-calt-off text-decoration-none text-strikethrough-none\">Kal\u00e7as\u0131nda hacim eksikli\u011fi veya sarkma olan bireyler<\/span><\/li>\n<li><span class=\"a_GcMg font-feature-liga-off font-feature-clig-off font-feature-calt-off text-decoration-none text-strikethrough-none\">Daha feminen, dik ve belirgin kal\u00e7a konturlar\u0131 isteyenler<\/span><\/li>\n<li><span class=\"a_GcMg font-feature-liga-off font-feature-clig-off font-feature-calt-off text-decoration-none text-strikethrough-none\">V\u00fccut hatlar\u0131yla uyumlu bir kal\u00e7a yap\u0131s\u0131 hayal edenler<\/span><\/li>\n<li><span class=\"a_GcMg font-feature-liga-off font-feature-clig-off font-feature-calt-off text-decoration-none text-strikethrough-none\">Daha dengeli ve estetik bir siluet elde etmek isteyen kad\u0131n ve erkekler<\/span><\/li>\n<li><span class=\"a_GcMg font-feature-liga-off font-feature-clig-off font-feature-calt-off text-decoration-none text-strikethrough-none\">Genel sa\u011fl\u0131k durumu cerrahiye uygun olan ki\u015filer<\/span><\/li>\n<\/ul>\n<p class=\"cvGsUA direction-ltr align-justify para-style-body\"><strong><span class=\"a_GcMg font-feature-liga-off font-feature-clig-off font-feature-calt-off text-decoration-underline text-strikethrough-none\">\u0130\u015flem S\u00fcresi ve Etkisi<\/span><\/strong><\/p>\n<ul>\n<li><span class=\"a_GcMg font-feature-liga-off font-feature-clig-off font-feature-calt-off text-decoration-none text-strikethrough-none\">S\u00fcre: Y\u00f6nteme ba\u011fl\u0131 olarak 1,5 \u2013 3 saat<\/span><\/li>\n<li><span class=\"a_GcMg font-feature-liga-off font-feature-clig-off font-feature-calt-off text-decoration-none text-strikethrough-none\">Anestezi: Genel anestezi<\/span><\/li>\n<li><span class=\"a_GcMg font-feature-liga-off font-feature-clig-off font-feature-calt-off text-decoration-none text-strikethrough-none\">Hastanede kal\u0131\u015f: 1 gece \u00f6nerilir<\/span><\/li>\n<li><span class=\"a_GcMg font-feature-liga-off font-feature-clig-off font-feature-calt-off text-decoration-none text-strikethrough-none\">\u0130yile\u015fme: \u0130lk 7\u201310 g\u00fcn oturma ve yat\u0131\u015f pozisyonlar\u0131na dikkat edilmelidir<\/span><\/li>\n<li><span class=\"a_GcMg font-feature-liga-off font-feature-clig-off font-feature-calt-off text-decoration-none text-strikethrough-none\">\u0130z: Kullan\u0131lan tekni\u011fe g\u00f6re gizli b\u00f6lgelere yerle\u015ftirilir, zamanla silikle\u015fir<\/span><\/li>\n<\/ul>\n<p class=\"cvGsUA direction-ltr align-justify para-style-body\"><strong><span class=\"a_GcMg font-feature-liga-off font-feature-clig-off font-feature-calt-off text-decoration-underline text-strikethrough-none\">Avantajlar\u0131<\/span><\/strong><\/p>\n<ul>\n<li><span class=\"a_GcMg font-feature-liga-off font-feature-clig-off font-feature-calt-off text-decoration-none text-strikethrough-none\">Kal\u00e7ay\u0131 dikle\u015ftirir, \u015fekillendirir ve hacim kazand\u0131r\u0131r<\/span><\/li>\n<li><span class=\"a_GcMg font-feature-liga-off font-feature-clig-off font-feature-calt-off text-decoration-none text-strikethrough-none\">V\u00fccut orant\u0131s\u0131n\u0131 dengeler<\/span><\/li>\n<li><span class=\"a_GcMg font-feature-liga-off font-feature-clig-off font-feature-calt-off text-decoration-none text-strikethrough-none\">Giysi uyumunu ve estetik duru\u015fu iyile\u015ftirir<\/span><\/li>\n<li><span class=\"a_GcMg font-feature-liga-off font-feature-clig-off font-feature-calt-off text-decoration-none text-strikethrough-none\">Ki\u015fiye \u00f6zel planlanarak do\u011fal sonu\u00e7lar sunar<\/span><\/li>\n<li><span class=\"a_GcMg font-feature-liga-off font-feature-clig-off font-feature-calt-off text-decoration-none text-strikethrough-none\">Uzun \u00f6m\u00fcrl\u00fc ve kal\u0131c\u0131 bir \u00e7\u00f6z\u00fcmd\u00fcr<\/span><\/li>\n<\/ul>\n\n    <div class=\"xs_social_share_widget xs_share_url after_content \t\tmain_content  wslu-style-1 wslu-share-box-shaped wslu-fill-colored wslu-none wslu-share-horizontal wslu-theme-font-no wslu-main_content\">\n\n\t\t\n        <ul>\n\t\t\t        <\/ul>\n    <\/div>","protected":false},"excerpt":{"rendered":"<p class=\"cvGsUA direction-ltr align-justify para-style-body\"><span class=\"a_GcMg font-feature-liga-off font-feature-clig-off font-feature-calt-off text-decoration-underline text-strikethrough-none\">Estetik ve Do\u011fal Kal\u00e7a Konturu<\/span><\/p>\n<p class=\"cvGsUA direction-ltr align-justify para-style-body\"><span class=\"a_GcMg font-feature-liga-off font-feature-clig-off font-feature-calt-off text-decoration-none text-strikethrough-none\">Kal\u00e7a esteti\u011fi; kal\u00e7alar\u0131n hacmini art\u0131rmak, \u015feklini d\u00fczeltmek veya sarkmalar\u0131 gidermek amac\u0131yla uygulanan estetik cerrahi i\u015flemleri kapsar. Ama\u00e7; v\u00fccut hatlar\u0131yla uyumlu, daha kalk\u0131k, s\u0131k\u0131 ve feminen bir kal\u00e7a yap\u0131s\u0131 olu\u015fturmakt\u0131r.<\/span><\/p>","protected":false},"featured_media":13342,"comment_status":"closed","ping_status":"closed","template":"","meta":{"_acf_changed":false},"product_brand":[],"product_cat":[34],"product_tag":[],"class_list":{"0":"post-13014","1":"product","2":"type-product","3":"status-publish","4":"has-post-thumbnail","6":"product_cat-estetik-cerrahi","8":"first","9":"instock","10":"sold-individually","11":"shipping-taxable","12":"product-type-simple"},"acf":[],"_links":{"self":[{"href":"https:\/\/www.evrenhelvaci.tntmultimedya.com\/en\/wp-json\/wp\/v2\/product\/13014","targetHints":{"allow":["GET"]}}],"collection":[{"href":"https:\/\/www.evrenhelvaci.tntmultimedya.com\/en\/wp-json\/wp\/v2\/product"}],"about":[{"href":"https:\/\/www.evrenhelvaci.tntmultimedya.com\/en\/wp-json\/wp\/v2\/types\/product"}],"replies":[{"embeddable":true,"href":"https:\/\/www.evrenhelvaci.tntmultimedya.com\/en\/wp-json\/wp\/v2\/comments?post=13014"}],"wp:featuredmedia":[{"embeddable":true,"href":"https:\/\/www.evrenhelvaci.tntmultimedya.com\/en\/wp-json\/wp\/v2\/media\/13342"}],"wp:attachment":[{"href":"https:\/\/www.evrenhelvaci.tntmultimedya.com\/en\/wp-json\/wp\/v2\/media?parent=13014"}],"wp:term":[{"taxonomy":"product_brand","embeddable":true,"href":"https:\/\/www.evrenhelvaci.tntmultimedya.com\/en\/wp-json\/wp\/v2\/product_brand?post=13014"},{"taxonomy":"product_cat","embeddable":true,"href":"https:\/\/www.evrenhelvaci.tntmultimedya.com\/en\/wp-json\/wp\/v2\/product_cat?post=13014"},{"taxonomy":"product_tag","embeddable":true,"href":"https:\/\/www.evrenhelvaci.tntmultimedya.com\/en\/wp-json\/wp\/v2\/product_tag?post=13014"}],"curies":[{"name":"wp","href":"https:\/\/api.w.org\/{rel}","templated":true}]}}